{"id":270,"date":"2011-08-06T15:48:31","date_gmt":"2011-08-06T14:48:31","guid":{"rendered":"http:\/\/thebloodychickenheads.de\/?page_id=270"},"modified":"2025-02-17T23:45:13","modified_gmt":"2025-02-17T22:45:13","slug":"impressum","status":"publish","type":"page","link":"https:\/\/we-will-rockit.de\/?page_id=270","title":{"rendered":"Impressum"},"content":{"rendered":"<p>Rockit<\/p>\n<p>c\/o H. G\u00f6tz<br \/>\nAnne-Frank-Str. 37, 72764 Reutlingen<\/p>\n<p>we-will-rockit.de<br \/>\ninfo(at)we-will-rockit.de<\/p>\n<h1><span style=\"color: #D02E26;\">Datenschutzerkl\u00e4rung<\/span><\/h1>\n<p>f\u00fcr Web-Angebote von Rockit<br \/>\nDie Nutzung unserer Seite ist ohne eine Angabe von personenbezogenen Daten m\u00f6glich. F\u00fcr die Nutzung einzelner Services unserer Seite k\u00f6nnen sich hierf\u00fcr abweichende Regelungen ergeben, die in diesem Falle nachstehend gesondert erl\u00e4utert werden. Ihre personenbezogenen Daten (z.B. Name, Anschrift, E-Mail, Telefonnummer, u.\u00e4.) werden von uns nur gem\u00e4\u00df den Bestimmungen des deutschen Datenschutzrechts verarbeitet. Daten sind dann personenbezogen, wenn sie eindeutig einer bestimmten nat\u00fcrlichen Person zugeordnet werden k\u00f6nnen. Die rechtlichen Grundlagen des Datenschutzes finden Sie im Bundesdatenschutzgesetz (BDSG) und dem Telemediengesetz (TMG). Nachstehende Regelungen informieren Sie insoweit \u00fcber die Art, den Umfang und Zweck der Erhebung, die Nutzung und die Verarbeitung von personenbezogenen Daten durch den Anbieter<br \/>\nThe Bloody Chickenheads,<br \/>\nAnne-Frank-Str. 37, 72764 Reutlingen<br \/>\nthebloodychickenheads.de<br \/>\ninfo(at)thebloodychickenheads.de<br \/>\nWir weisen darauf hin, dass trotz SSL-Zertifikat f\u00fcr unsere Internetseiten die internetbasierte Daten\u00fcbertragung Sicherheitsl\u00fccken aufweisen kann und somit ein l\u00fcckenloser Schutz vor Zugriffen durch Dritte nicht m\u00f6glich ist.<br \/>\nWir \u00fcbertragen Ihre Daten nicht an Dritte oder ins Nicht-EU-Ausland, das hei\u00dft in L\u00e4nder, in denen die Datenschutzgrundverordnung nicht gilt.<br \/>\nDie Verwendung ihrer personenbezogenen Daten erfolgt im Rahmen der Bestimmungen des Bundesdatenschutzgesetzes, des Telemediengesetzes der Bundesrepublik Deutschland sowie der Datenschutz-Grundverordnung, im Folgenden auch DSGVO genannt.<br \/>\nWenn Sie eine unserer Seiten besuchen oder auf diesen Seiten hinterlegte Dateien abrufen, werden dabei Daten gespeichert, ohne dass diese Daten unmittelbar auf Ihre Person bezogen werden. Die Speicherung dient internen systembezogenen und statistischen Zwecken. Die erhobenen Daten dienen lediglich statistischen Auswertungen und zur Verbesserung der Website. Wir behalten uns allerdings vor, die Server-Logfiles nachtr\u00e4glich zu \u00fcberpr\u00fcfen, sollten konkrete Anhaltspunkte auf eine rechtswidrige Nutzung hinweisen.<br \/>\nDirekte personenbezogene Daten (insbesondere Name, Adresse oder E-Mail-Adresse) erheben wir nur auf freiwilliger Basis \u00fcber unsere Kontaktformulare. Vor \u00dcbertragung dieser Daten werden Sie um Ihre Einwilligung zur Datenverarbeitung auf Grundlage dieser Datenschutzerkl\u00e4rung gebeten.<br \/>\nNehmen Sie mit uns nach Ihrer Einwilligung durch die angebotenen Kontaktm\u00f6glichkeiten Verbindung auf, speichern wir Ihre Angaben, damit wir zur Bearbeitung und Beantwortung Ihrer Anfrage auf diese zur\u00fcckgreifen k\u00f6nnen.<br \/>\nDie erhobenen Daten werden ausschlie\u00dflich f\u00fcr den Zweck genutzt, f\u00fcr den sie erhoben wurden. Ihre E-Mail an uns (\u00fcber Kontakt-Formulare) und die darin enthaltenen personenbezogenen Daten verwenden wir ausschlie\u00dflich f\u00fcr die Korrespondenz mit Ihnen. Die von Ihnen angegebenen pers\u00f6nlichen Daten verwenden wir nur f\u00fcr die Bearbeitung Ihrer Anfrage, zur Abwicklung der mit Ihnen geschlossenen Vertr\u00e4ge sowie f\u00fcr die technische Administration.<br \/>\nSoweit wir Ihre Daten aus den oben genannten Kan\u00e4len speichern, speichern wir diese ohne feste Befristung. Eine L\u00f6schung oder Korrektur ist jederzeit m\u00f6glich. Bitte wenden Sie sich hierzu an den Datenschutzbeauftragten.<br \/>\nDaten f\u00fcr Abrechnungszwecke und buchhalterische Zwecke werden von einem L\u00f6schungsverlangen nicht ber\u00fchrt.<br \/>\nAuf den Homepages im Geltungsbereich verwenden wir keine Cookies. Eine automatisierte Nutzung oder Auswertung Ihrer Daten erfolgt nicht, auch kein sogenanntes Profiling, also eine Profilerstellung.<br \/>\nDatenschutzerkl\u00e4rung f\u00fcr Social-Media-Plugins und das Zwei-Klick-Verfahren:<br \/>\nWir verwenden auf unseren Websites Social-Media-Plugins und Schaltfl\u00e4chen von Facebook Inc. und youtube. Die Plugins werden erst aktiviert, wenn Sie auf die entsprechenden Schaltfl\u00e4chen klicken. Sofern diese ausgegraut angezeigt werden, sind die Plugins inaktiv. Sie haben die M\u00f6glichkeit, die Plugins einmalig oder dauerhaft zu aktivieren. F\u00fcr alle Social-Media-Angebote und die Einbindung externer Inhalte gilt: Loggen Sie sich vor Nutzung unserer Website aus (z. B. bei Facebook oder YouTube), dann ist die Gefahr einer \u00dcbertragung Ihrer Daten wesentlich reduziert.<br \/>\nFacebook: Diese Website verwendet Facebook Social Plugins, welches von der Facebook Inc. (1 Hacker Way, Menlo Park, California 94025, USA) betrieben wird. Erkennbar sind die Einbindungen an dem Facebook-Logo bzw. an den Begriffen \u00bbLike\u00ab, \u00bbGef\u00e4llt mir\u00ab, \u00bbTeilen\u00ab in den Farben Facebooks (Blau und Wei\u00df). Informationen zu allen Facebook-Plugins finden Sie im folgenden Link: https:\/\/developers.facebook.com\/docs\/plugins\/. Die Plugins stellen eine direkte Verbindung zwischen Ihrem Browser und den Facebook-Servern her. Dies erfolgt erst nach der Aktivierung des Plugins. Wir als Websitebetreiber hat keinerlei Einfluss auf die Natur und den Umfang der Daten, welche das Plugin an die Server der Facebook Inc. \u00fcbermittelt. Informationen dazu finden Sie hier: https:\/\/www.facebook.com\/help\/186325668085084. Das Plugin informiert die Face-book Inc. dar\u00fcber, dass Sie als Nutzer diese Website besucht haben. Es besteht hierbei die M\u00f6glichkeit, dass Ihre IP-Adresse gespeichert wird. Sind Sie w\u00e4hrend des Besuchs auf dieser Website in Ihrem Facebook Konto eingeloggt, werden die genannten Informationen mit diesem verkn\u00fcpft.<br \/>\nEinbindung von Diensten und Inhalten Dritter<br \/>\nWir binden in unsere Website Inhalte Dritter, wie zum Beispiel Videos von YouTube, von anderen Webseiten ein. Dies setzt immer voraus, dass die Anbieter dieser Inhalte (nachfolgend bezeichnet als \u00bbDritt-Anbieter\u00ab) die IP-Adresse der Nutzer wahrnehmen. Denn ohne die IP-Adresse, k\u00f6nnten sie die Inhalte nicht an den Browser des jeweiligen Nutzers senden. Die IP-Adresse ist damit f\u00fcr die Darstellung dieser Inhalte erforderlich. Wir bem\u00fchen uns nur solche Inhalte zu verwenden, deren jeweilige Anbieter die IP-Adresse lediglich zur Auslieferung der Inhalte verwenden. Jedoch haben wir keinen Einfluss darauf, falls die Dritt-Anbieter die IP-Adresse z. B. f\u00fcr statistische Zwecke speichern.<br \/>\nDie Datenschutzrichtlinien von Google finden Sie hier http:\/\/www.google.de\/intl\/de\/policies\/privacy\/, die Nutzungsbedingungen von YouTube unter http:\/\/www.youtube.com\/t\/terms.<br \/>\nAuch hier gilt: Loggen Sie sich vor Nutzung unserer Website aus (z. B. bei Facebook oder YouTube), dann ist die Gefahr einer \u00dcbertragung Ihrer Daten wesentlich reduziert.<br \/>\nSie haben das Recht sich in Bezug auf die Verarbeitung Ihrer Daten bei der zust\u00e4ndigen Aufsichtsbeh\u00f6rde zu beschweren:<br \/>\nLandesbeauftragter f\u00fcr den Datenschutz Baden-W\u00fcrttemberg<br \/>\nK\u00f6nigstra\u00dfe 10a | 70173 Stuttgart<br \/>\nTelefon: (0711) 61 55 41-0 | Telefax: (0711) 61 55 41-15<br \/>\nE-Mail: poststelle@lfd.bwl.de<br \/>\nwww.baden-wuerttemberg.datenschutz.de<br \/>\nQuellen dieser Datenschutzerkl\u00e4rung bzw. dieses Impressums<br \/>\nF\u00fcr die Erstellung dieser Datenschutzerkl\u00e4rung haben wir folgende Quellen genutzt: www.datenschutz.org, www.anwalt.de, www.eRecht24.de, sowie den Datenschutz-Generator www.impressum-generator.de<\/p>\n","protected":false},"excerpt":{"rendered":"<p>Rockit c\/o H. G\u00f6tz Anne-Frank-Str. 37, 72764 Reutlingen we-will-rockit.de info(at)we-will-rockit.de Datenschutzerkl\u00e4rung f\u00fcr Web-Angebote von Rockit Die Nutzung unserer Seite ist ohne eine Angabe von personenbezogenen Daten m\u00f6glich. F\u00fcr die Nutzung einzelner Services unserer Seite k\u00f6nnen sich hierf\u00fcr abweichende Regelungen ergeben, die in diesem Falle nachstehend gesondert erl\u00e4utert werden. Ihre personenbezogenen Daten (z.B. Name, Anschrift, E-Mail, [&hellip;]<\/p>\n","protected":false},"author":1,"featured_media":0,"parent":0,"menu_order":8,"comment_status":"closed","ping_status":"open","template":"","meta":{"ngg_post_thumbnail":0,"footnotes":""},"class_list":["post-270","page","type-page","status-publish","hentry"],"_links":{"self":[{"href":"https:\/\/we-will-rockit.de\/index.php?rest_route=\/wp\/v2\/pages\/270","targetHints":{"allow":["GET"]}}],"collection":[{"href":"https:\/\/we-will-rockit.de\/index.php?rest_route=\/wp\/v2\/pages"}],"about":[{"href":"https:\/\/we-will-rockit.de\/index.php?rest_route=\/wp\/v2\/types\/page"}],"author":[{"embeddable":true,"href":"https:\/\/we-will-rockit.de\/index.php?rest_route=\/wp\/v2\/users\/1"}],"replies":[{"embeddable":true,"href":"https:\/\/we-will-rockit.de\/index.php?rest_route=%2Fwp%2Fv2%2Fcomments&post=270"}],"version-history":[{"count":17,"href":"https:\/\/we-will-rockit.de\/index.php?rest_route=\/wp\/v2\/pages\/270\/revisions"}],"predecessor-version":[{"id":1686,"href":"https:\/\/we-will-rockit.de\/index.php?rest_route=\/wp\/v2\/pages\/270\/revisions\/1686"}],"wp:attachment":[{"href":"https:\/\/we-will-rockit.de\/index.php?rest_route=%2Fwp%2Fv2%2Fmedia&parent=270"}],"curies":[{"name":"wp","href":"https:\/\/api.w.org\/{rel}","templated":true}]}}